{"id":18379,"date":"2024-10-02T16:56:32","date_gmt":"2024-10-02T16:56:32","guid":{"rendered":"https:\/\/tastesandflavours.com\/wordpress_g\/?post_type=product&#038;p=18379"},"modified":"2024-10-02T16:56:33","modified_gmt":"2024-10-02T16:56:33","slug":"antico-crostino-toscano","status":"publish","type":"product","link":"https:\/\/auroradistribuzione.it\/wordpress_g\/index.php\/prodotto\/antico-crostino-toscano\/","title":{"rendered":"Antico Crostino Toscano"},"content":{"rendered":"<p class=\"product-single__title\">Antico Crostino Toscano<\/p>\n<p>In ogni famiglia toscana esiste una variante diversa della ricetta del crostino di fegatini. In alcune versioni si utilizza solo i fegatini, in altre si aggiunge milza o manzo; qualcuno usa l&#8217;acciuga ed altri ci mettono la mela. Ogni zona rivendica la propria ricetta come quella originale, secondo quel sano campanilismo tipico toscano che oppone da sempre come rivali citt\u00e0 e borghi in realt\u00e0 molto vicini simili nelle tradizioni. La ricetta che abbiamo scelto per il nostro Antico Crostino Toscano \u00e8 tra le pi\u00f9 delicate: originaria delle zone intorno ad Arezzo, \u00e8 basata su fegatini, ma c&#8217;\u00e8 anche carne di pollo, cetriolini, capperi e vino liquoroso.<\/p>\n","protected":false},"excerpt":{"rendered":"<p class=\"product-single__title\">Antico Crostino Toscano<\/p>\n","protected":false},"featured_media":18381,"template":"","meta":[],"pwb-brand":[210],"product_brand":[],"product_cat":[75],"product_tag":[],"class_list":{"0":"post-18379","1":"product","2":"type-product","3":"status-publish","4":"has-post-thumbnail","6":"pwb-brand-toscanaintavola","7":"product_cat-condimenti","8":"pa_formati-vaso-6x210g","10":"first","11":"onbackorder","12":"taxable","13":"shipping-taxable","14":"product-type-variable"},"aioseo_notices":[],"brands":[{"id":210,"name":"Toscana in Tavola","slug":"toscanaintavola"}],"_links":{"self":[{"href":"https:\/\/auroradistribuzione.it\/wordpress_g\/index.php\/wp-json\/wp\/v2\/product\/18379","targetHints":{"allow":["GET"]}}],"collection":[{"href":"https:\/\/auroradistribuzione.it\/wordpress_g\/index.php\/wp-json\/wp\/v2\/product"}],"about":[{"href":"https:\/\/auroradistribuzione.it\/wordpress_g\/index.php\/wp-json\/wp\/v2\/types\/product"}],"version-history":[{"count":2,"href":"https:\/\/auroradistribuzione.it\/wordpress_g\/index.php\/wp-json\/wp\/v2\/product\/18379\/revisions"}],"predecessor-version":[{"id":18383,"href":"https:\/\/auroradistribuzione.it\/wordpress_g\/index.php\/wp-json\/wp\/v2\/product\/18379\/revisions\/18383"}],"wp:featuredmedia":[{"embeddable":true,"href":"https:\/\/auroradistribuzione.it\/wordpress_g\/index.php\/wp-json\/wp\/v2\/media\/18381"}],"wp:attachment":[{"href":"https:\/\/auroradistribuzione.it\/wordpress_g\/index.php\/wp-json\/wp\/v2\/media?parent=18379"}],"wp:term":[{"taxonomy":"pwb-brand","embeddable":true,"href":"https:\/\/auroradistribuzione.it\/wordpress_g\/index.php\/wp-json\/wp\/v2\/pwb-brand?post=18379"},{"taxonomy":"product_brand","embeddable":true,"href":"https:\/\/auroradistribuzione.it\/wordpress_g\/index.php\/wp-json\/wp\/v2\/product_brand?post=18379"},{"taxonomy":"product_cat","embeddable":true,"href":"https:\/\/auroradistribuzione.it\/wordpress_g\/index.php\/wp-json\/wp\/v2\/product_cat?post=18379"},{"taxonomy":"product_tag","embeddable":true,"href":"https:\/\/auroradistribuzione.it\/wordpress_g\/index.php\/wp-json\/wp\/v2\/product_tag?post=18379"}],"curies":[{"name":"wp","href":"https:\/\/api.w.org\/{rel}","templated":true}]}}