{"id":17444,"date":"2024-08-18T15:56:33","date_gmt":"2024-08-18T15:56:33","guid":{"rendered":"https:\/\/tastesandflavours.com\/wordpress_g\/?post_type=product&#038;p=17444"},"modified":"2024-10-05T07:15:30","modified_gmt":"2024-10-05T07:15:30","slug":"baba-al-limoncello","status":"publish","type":"product","link":"https:\/\/auroradistribuzione.it\/wordpress_g\/index.php\/prodotto\/baba-al-limoncello\/","title":{"rendered":"Bab\u00e0 al Limoncello"},"content":{"rendered":"<p class=\"nocaps\">Bab\u00e0 al Limoncello<\/p>\n<p>Il bab\u00e0 imbevuto nel limoncello non rappresenta solo un felice connubio tra sapori del tutto naturali, ma soprattutto il punto di incontro di tradizioni antiche che in comune hanno lo splendido scenario della nostra terra.<br \/>\nQuesto sodalizio \u00e8 un prodotto tipico, la cui bont\u00e0 e genuinit\u00e0 \u00e8 garantita da una consolidata esperienza artigianale, dalla antica e fiorente tradizione.<\/p>\n","protected":false},"excerpt":{"rendered":"<p>Bab\u00e0 al Limoncello<\/p>\n","protected":false},"featured_media":17446,"template":"","meta":[],"pwb-brand":[81],"product_brand":[],"product_cat":[105,222],"product_tag":[],"class_list":{"0":"post-17444","1":"product","2":"type-product","3":"status-publish","4":"has-post-thumbnail","6":"pwb-brand-tradizionevoluzione","7":"product_cat-dolci","8":"product_cat-horeca","9":"pa_formati-vaso-12x314ml","10":"pa_formati-vaso-12x580ml","12":"first","13":"onbackorder","14":"taxable","15":"shipping-taxable","16":"product-type-variable"},"aioseo_notices":[],"brands":[{"id":81,"name":"Tradizionevoluzione","slug":"tradizionevoluzione"}],"_links":{"self":[{"href":"https:\/\/auroradistribuzione.it\/wordpress_g\/index.php\/wp-json\/wp\/v2\/product\/17444","targetHints":{"allow":["GET"]}}],"collection":[{"href":"https:\/\/auroradistribuzione.it\/wordpress_g\/index.php\/wp-json\/wp\/v2\/product"}],"about":[{"href":"https:\/\/auroradistribuzione.it\/wordpress_g\/index.php\/wp-json\/wp\/v2\/types\/product"}],"version-history":[{"count":1,"href":"https:\/\/auroradistribuzione.it\/wordpress_g\/index.php\/wp-json\/wp\/v2\/product\/17444\/revisions"}],"predecessor-version":[{"id":17449,"href":"https:\/\/auroradistribuzione.it\/wordpress_g\/index.php\/wp-json\/wp\/v2\/product\/17444\/revisions\/17449"}],"wp:featuredmedia":[{"embeddable":true,"href":"https:\/\/auroradistribuzione.it\/wordpress_g\/index.php\/wp-json\/wp\/v2\/media\/17446"}],"wp:attachment":[{"href":"https:\/\/auroradistribuzione.it\/wordpress_g\/index.php\/wp-json\/wp\/v2\/media?parent=17444"}],"wp:term":[{"taxonomy":"pwb-brand","embeddable":true,"href":"https:\/\/auroradistribuzione.it\/wordpress_g\/index.php\/wp-json\/wp\/v2\/pwb-brand?post=17444"},{"taxonomy":"product_brand","embeddable":true,"href":"https:\/\/auroradistribuzione.it\/wordpress_g\/index.php\/wp-json\/wp\/v2\/product_brand?post=17444"},{"taxonomy":"product_cat","embeddable":true,"href":"https:\/\/auroradistribuzione.it\/wordpress_g\/index.php\/wp-json\/wp\/v2\/product_cat?post=17444"},{"taxonomy":"product_tag","embeddable":true,"href":"https:\/\/auroradistribuzione.it\/wordpress_g\/index.php\/wp-json\/wp\/v2\/product_tag?post=17444"}],"curies":[{"name":"wp","href":"https:\/\/api.w.org\/{rel}","templated":true}]}}