{"id":16408,"date":"2024-07-05T18:06:24","date_gmt":"2024-07-05T18:06:24","guid":{"rendered":"https:\/\/tastesandflavours.com\/wordpress_g\/?post_type=product&#038;p=16408"},"modified":"2024-10-05T10:55:07","modified_gmt":"2024-10-05T10:55:07","slug":"asparagi-alla-contadina-tradizionevoluzione-vaso-6x580ml","status":"publish","type":"product","link":"https:\/\/auroradistribuzione.it\/wordpress_g\/index.php\/prodotto\/asparagi-alla-contadina-tradizionevoluzione-vaso-6x580ml\/","title":{"rendered":"Asparagi in Olio"},"content":{"rendered":"<div class=\"short-description\">\n<p>Lo sapevi che gli asparagi fanno bene all&#8217;umore? questo accade perch\u00e9\u00a0contengono una buona quantit\u00e0 di triptofano che \u00e8 il precursore della serotonina, nota come &#8220;ormone della felicit\u00e0&#8221;, di cui spesso si parla a proposito del cioccolato.<\/p>\n<p>Sono preparati con aglio e peperoncino che ne esaltano il sapore.<\/p>\n<div class=\"tabs__product-page vertical-tabs\">\n<div class=\"wrapper-tab-content\">\n<div class=\"tab-title\">Ingredienti <i class=\"fa fa-angle-down\"><\/i><\/div>\n<div id=\"collapse-tab4\" class=\"tab-content\" data-tabcontent=\"\">\n<div>Asparagi, olio di semi di girasole, aceto di vino bianco, sale, spezie (Prezzemolo, aglio, peperoncino). In proporzione variabile, acidificante: E330, antiossidante: E300.<\/div>\n<\/div>\n<\/div>\n<\/div>\n<\/div>\n","protected":false},"excerpt":{"rendered":"<p>Asparagi in olio<\/p>\n","protected":false},"featured_media":16931,"template":"","meta":[],"pwb-brand":[81],"product_brand":[],"product_cat":[76,222],"product_tag":[],"class_list":{"0":"post-16408","1":"product","2":"type-product","3":"status-publish","4":"has-post-thumbnail","6":"pwb-brand-tradizionevoluzione","7":"product_cat-conserve","8":"product_cat-horeca","9":"pa_formati-vaso-6x580ml","10":"pa_formati-vaso-4x3100ml","11":"pa_formati-vaso-6x314ml","13":"first","14":"onbackorder","15":"taxable","16":"shipping-taxable","17":"product-type-variable"},"aioseo_notices":[],"brands":[{"id":81,"name":"Tradizionevoluzione","slug":"tradizionevoluzione"}],"_links":{"self":[{"href":"https:\/\/auroradistribuzione.it\/wordpress_g\/index.php\/wp-json\/wp\/v2\/product\/16408","targetHints":{"allow":["GET"]}}],"collection":[{"href":"https:\/\/auroradistribuzione.it\/wordpress_g\/index.php\/wp-json\/wp\/v2\/product"}],"about":[{"href":"https:\/\/auroradistribuzione.it\/wordpress_g\/index.php\/wp-json\/wp\/v2\/types\/product"}],"version-history":[{"count":3,"href":"https:\/\/auroradistribuzione.it\/wordpress_g\/index.php\/wp-json\/wp\/v2\/product\/16408\/revisions"}],"predecessor-version":[{"id":16935,"href":"https:\/\/auroradistribuzione.it\/wordpress_g\/index.php\/wp-json\/wp\/v2\/product\/16408\/revisions\/16935"}],"wp:featuredmedia":[{"embeddable":true,"href":"https:\/\/auroradistribuzione.it\/wordpress_g\/index.php\/wp-json\/wp\/v2\/media\/16931"}],"wp:attachment":[{"href":"https:\/\/auroradistribuzione.it\/wordpress_g\/index.php\/wp-json\/wp\/v2\/media?parent=16408"}],"wp:term":[{"taxonomy":"pwb-brand","embeddable":true,"href":"https:\/\/auroradistribuzione.it\/wordpress_g\/index.php\/wp-json\/wp\/v2\/pwb-brand?post=16408"},{"taxonomy":"product_brand","embeddable":true,"href":"https:\/\/auroradistribuzione.it\/wordpress_g\/index.php\/wp-json\/wp\/v2\/product_brand?post=16408"},{"taxonomy":"product_cat","embeddable":true,"href":"https:\/\/auroradistribuzione.it\/wordpress_g\/index.php\/wp-json\/wp\/v2\/product_cat?post=16408"},{"taxonomy":"product_tag","embeddable":true,"href":"https:\/\/auroradistribuzione.it\/wordpress_g\/index.php\/wp-json\/wp\/v2\/product_tag?post=16408"}],"curies":[{"name":"wp","href":"https:\/\/api.w.org\/{rel}","templated":true}]}}