{"id":16236,"date":"2024-06-21T10:07:51","date_gmt":"2024-06-21T10:07:51","guid":{"rendered":"https:\/\/tastesandflavours.com\/wordpress_g\/?post_type=product&#038;p=16236"},"modified":"2024-10-05T11:24:36","modified_gmt":"2024-10-05T11:24:36","slug":"lasagnette-alluovo-giovanni-perna-confezione-12x500gr","status":"publish","type":"product","link":"https:\/\/auroradistribuzione.it\/wordpress_g\/index.php\/prodotto\/lasagnette-alluovo-giovanni-perna-confezione-12x500gr\/","title":{"rendered":"Lasagnette all&#8217;uovo"},"content":{"rendered":"<p>Lasagnette all&#8217;uovo<\/p>\n<p>La selezione delle migliori variet\u00e0 di grano duro; le trafile in bronzo; l&#8217;essiccazione naturale e lenta a bassa temperatura.<\/p>\n<p>I grani duri costringono ad adottare le tecniche artigianali che esaltano la superiorit\u00e0 della pasta.<\/p>\n<p>Le trafile in bronzo, contrariamente a quelle in teflon in uso alla grande industria, regalano alla pasta la porosit\u00e0 e la ruvidezza necessaria al perfetto matrimonio con sughi e i condimenti che assorbir\u00e0 nel piatto.<\/p>\n<p>L&#8217;essiccazione lenta, a temperatura naturale, \u00e8 poi la differenza essenziale. L&#8217;essiccazione naturale richiede pi\u00f9 tempo, ma lascia alla pasta la possibilit\u00e0 di assorbire l&#8217;acqua in cottura in maniera pi\u00f9 gradevole e uniforme e di amalgamarsi superbamente coi sughi.<\/p>\n<p>Questa pasta richiede e merita l&#8217;attenzione di chi sa coglierne il giusto punto di cottura, non un\u00a0 minuto di pi\u00f9, non un minuto di meno, che \u00e8 dato solo dall&#8217;assaggio e dall&#8217;esperienza.<\/p>\n<p>Paese di coltivazione del grano : Italia<\/p>\n<p>Paese di molitura: Italia<\/p>\n<p>Valori nutrizionali medi per 100gr. Di prodotto: energio 351kcal &#8211; 1612kj, grassi 5,1g di cui acidi grassi saturi 1,6g, carboidrati 67g di cui zuccheri 2,5g, fibre 3,9g, proteine 15g , sale 0,16g.<\/p>\n<p>INGREDIENTI<\/p>\n<p>Semola di grano duro<\/p>\n<p>Uova (25%)<\/p>\n","protected":false},"excerpt":{"rendered":"<p>Lasagnette all&#8217;uovo. La selezione delle migliori variet\u00e0 di grano duro; le trafile in bronzo; l&#8217;essiccazione naturale e lenta a bassa temperatura.<\/p>\n<p>&nbsp;<\/p>\n","protected":false},"featured_media":18284,"template":"","meta":[],"pwb-brand":[80],"product_brand":[],"product_cat":[20,222],"product_tag":[],"class_list":{"0":"post-16236","1":"product","2":"type-product","3":"status-publish","4":"has-post-thumbnail","6":"pwb-brand-giovanni_perna","7":"product_cat-pasta","8":"product_cat-horeca","9":"pa_formati-vassoio-12x250gr","10":"pa_formati-vassoio-12x500gr","12":"first","13":"instock","14":"taxable","15":"shipping-taxable","16":"product-type-variable"},"aioseo_notices":[],"brands":[{"id":80,"name":"Giovanni Perna","slug":"giovanni_perna"}],"_links":{"self":[{"href":"https:\/\/auroradistribuzione.it\/wordpress_g\/index.php\/wp-json\/wp\/v2\/product\/16236","targetHints":{"allow":["GET"]}}],"collection":[{"href":"https:\/\/auroradistribuzione.it\/wordpress_g\/index.php\/wp-json\/wp\/v2\/product"}],"about":[{"href":"https:\/\/auroradistribuzione.it\/wordpress_g\/index.php\/wp-json\/wp\/v2\/types\/product"}],"version-history":[{"count":4,"href":"https:\/\/auroradistribuzione.it\/wordpress_g\/index.php\/wp-json\/wp\/v2\/product\/16236\/revisions"}],"predecessor-version":[{"id":16239,"href":"https:\/\/auroradistribuzione.it\/wordpress_g\/index.php\/wp-json\/wp\/v2\/product\/16236\/revisions\/16239"}],"wp:featuredmedia":[{"embeddable":true,"href":"https:\/\/auroradistribuzione.it\/wordpress_g\/index.php\/wp-json\/wp\/v2\/media\/18284"}],"wp:attachment":[{"href":"https:\/\/auroradistribuzione.it\/wordpress_g\/index.php\/wp-json\/wp\/v2\/media?parent=16236"}],"wp:term":[{"taxonomy":"pwb-brand","embeddable":true,"href":"https:\/\/auroradistribuzione.it\/wordpress_g\/index.php\/wp-json\/wp\/v2\/pwb-brand?post=16236"},{"taxonomy":"product_brand","embeddable":true,"href":"https:\/\/auroradistribuzione.it\/wordpress_g\/index.php\/wp-json\/wp\/v2\/product_brand?post=16236"},{"taxonomy":"product_cat","embeddable":true,"href":"https:\/\/auroradistribuzione.it\/wordpress_g\/index.php\/wp-json\/wp\/v2\/product_cat?post=16236"},{"taxonomy":"product_tag","embeddable":true,"href":"https:\/\/auroradistribuzione.it\/wordpress_g\/index.php\/wp-json\/wp\/v2\/product_tag?post=16236"}],"curies":[{"name":"wp","href":"https:\/\/api.w.org\/{rel}","templated":true}]}}